{"id":8442,"date":"2018-12-18T10:02:14","date_gmt":"2018-12-18T08:02:14","guid":{"rendered":"https:\/\/www.emsfloorgroup.ro\/contact\/"},"modified":"2022-02-08T10:34:27","modified_gmt":"2022-02-08T08:34:27","slug":"contact","status":"publish","type":"page","link":"https:\/\/emsfloorgroup.ro\/en\/contact\/","title":{"rendered":"Contact"},"content":{"rendered":"<div class=\"wpb-content-wrapper\"><p>[vc_row row_btt_skin=&#8221;light&#8221; row_background_text_position=&#8221;front&#8221;][vc_column][vc_empty_space height=&#8221;100px&#8221;][vc_column_text]<\/p>\n<h3 style=\"text-align: center;\">Contact form<\/h3>\n<p>[\/vc_column_text][vc_empty_space height=&#8221;14px&#8221;][vc_column_text]<style type=\"text\/css\">.super-form:not(.super-initialized) *:not(.super-load-icon) { visibility: hidden !important; }<\/style><div id=\"super-form-8137\" style=\"margin:0px 0px 0px 0px;\" class=\"super-form super-form-8137  super-default-squared super-field-size-huge super-adaptive\" data-hide=\"true\" data-overlay=\"true\" data-field-size=\"huge\"><span class=\"super-load-icon\"><\/span><form tabindex=\"0\" autocomplete=\"on\" enctype=\"multipart\/form-data\"><input type=\"hidden\" name=\"sf_nonce\" value=\"\" \/><input type=\"text\" name=\"super_hp\" size=\"25\" value=\"\" \/><div class=\"super-shortcode super-field super-hidden\"><input class=\"super-shortcode-field\" type=\"hidden\" value=\"8137\" name=\"hidden_form_id\" \/><\/div><div class=\"super-grid super-shortcode\"><div class=\"super-shortcode super_one_half super-column grid-level-0 column-number-1 first-column \"><div class=\"super-shortcode super-field super-text   super-ungrouped  \"><div class=\"super-field-wrapper \"><input tabindex=\"-1\" class=\"super-shortcode-field\" type=\"text\" name=\"first_name\" data-oname=\"first_name\" data-validation=\"empty\" data-email=\"First Name:\" data-exclude=\"0\" data-absolute-default=\"\" data-default-value=\"\" \/><span class=\"super-adaptive-placeholder\" data-placeholder=\"Your First Name\" data-placeholderFilled=\"First Name\"><span>Your First Name<\/span><\/span><\/div><div class=\"super-error-msg\">Field is required!<\/div><div class=\"super-empty-error-msg\">Field is required!<\/div><\/div><\/div><div class=\"super-shortcode super_one_half super-column grid-level-0 column-number-2  \"><div class=\"super-shortcode super-field super-text   super-ungrouped  \"><div class=\"super-field-wrapper \"><input tabindex=\"-1\" class=\"super-shortcode-field\" type=\"text\" name=\"last_name\" data-oname=\"last_name\" data-validation=\"empty\" data-email=\"Last Name:\" data-exclude=\"0\" data-absolute-default=\"\" data-default-value=\"\" \/><span class=\"super-adaptive-placeholder\" data-placeholder=\"Your Last Name\" data-placeholderFilled=\"Last Name\"><span>Your Last Name<\/span><\/span><\/div><div class=\"super-error-msg\">Field is required!<\/div><div class=\"super-empty-error-msg\">Field is required!<\/div><\/div><\/div><\/div><div class=\"super-shortcode super-field super-text   super-ungrouped  \"><div class=\"super-field-wrapper \"><input tabindex=\"-1\" class=\"super-shortcode-field\" type=\"email\" name=\"email\" data-oname=\"email\" data-validation=\"email\" data-email=\"Email address:\" data-exclude=\"0\" data-absolute-default=\"\" data-default-value=\"\" \/><span class=\"super-adaptive-placeholder\" data-placeholder=\"Your E-mail Address\" data-placeholderFilled=\"E-mail Address\"><span>Your E-mail Address<\/span><\/span><\/div><div class=\"super-error-msg\">Field is required!<\/div><div class=\"super-empty-error-msg\">Field is required!<\/div><\/div><div class=\"super-shortcode super-field super-text   super-ungrouped  \"><div class=\"super-field-wrapper \"><input tabindex=\"-1\" class=\"super-shortcode-field\" type=\"tel\" name=\"phonenumber\" data-oname=\"phonenumber\" data-validation=\"phone\" data-email=\"Phonenumber:\" data-exclude=\"0\" data-absolute-default=\"\" data-default-value=\"\" \/><span class=\"super-adaptive-placeholder\" data-placeholder=\"Your Phonenumber\" data-placeholderFilled=\"Phonenumber\"><span>Your Phonenumber<\/span><\/span><\/div><div class=\"super-error-msg\">Field is required!<\/div><div class=\"super-empty-error-msg\">Field is required!<\/div><\/div><div class=\"super-shortcode super-field super-textarea   super-ungrouped  \"><div class=\"super-field-wrapper \"><textarea tabindex=\"-1\" class=\"super-shortcode-field\" name=\"question\" data-oname=\"question\" data-email=\"Question:\" data-exclude=\"0\" data-absolute-default=\"\" data-default-value=\"\" ><\/textarea><span class=\"super-adaptive-placeholder\" data-placeholder=\"Ask us any questions...\" data-placeholderFilled=\"Question\"><span>Ask us any questions...<\/span><\/span><\/div><div class=\"super-error-msg\">Field is required!<\/div><div class=\"super-empty-error-msg\">Field is required!<\/div><\/div><div data-color=\"#ff5e14\" data-light=\"#ff7228\" data-dark=\"#e14000\" data-hover-color=\"#444444\" data-hover-light=\"#585858\" data-hover-dark=\"#262626\" data-font=\"#ffffff\" data-font-hover=\"#ffffff\" data-radius=\"square\" data-type=\"flat\" class=\"super-extra-shortcode super-shortcode super-field super-button super-clear-none super-form-button super-radius-square super-type-flat super-button-large super-button-align-left super-button-width-auto\"><div data-href=\"\" class=\"super-button-wrap no_link\"><div class=\"super-button-name\" data-action=\"submit\" data-normal=\"Submit\" data-loading=\"Loading...\">Submit<\/div><span class=\"super-after\"><\/span><\/div><\/div><\/form><\/div>[\/vc_column_text][\/vc_column][\/vc_row][vc_row row_btt_skin=&#8221;light&#8221; row_background_text_position=&#8221;front&#8221;][vc_column][vc_row_inner][vc_column_inner][vc_empty_space height=&#8221;100px&#8221;][vc_column_text]<\/p>\n<h3>Rom\u00e2nia<\/h3>\n<p>[\/vc_column_text][vc_empty_space height=&#8221;14px&#8221;][\/vc_column_inner][\/vc_row_inner][vc_row_inner][vc_column_inner width=&#8221;1\/2&#8243;][vc_column_text]<strong>EMS FHP SYSTEMS S.R.L.<\/strong>[\/vc_column_text][vc_column_text]<a class=\"mkdf-icon-widget-holder mkdf-icon-has-hover\" style=\"margin: 0px 30px 16px 0px; color: #565969;\" href=\"https:\/\/www.google.com\/maps\/place\/Strada+Petru+Maior+4,+Turda+407405\/data=!4m2!3m1!1s0x4749662704b6a385:0x56cd90960ffa8e34?sa=X&amp;ved=2ahUKEwj9xqTtjZXsAhVO-aQKHfmsBS0Q8gEwAHoECAsQAQ\" target=\"_blank\" rel=\"noopener\" data-hover-color=\"#ff5e14\"><span class=\"mkdf-icon-element mkdf-custom-image\"><img decoding=\"async\" src=\"\/wp-content\/uploads\/2021\/02\/003-placeholder.svg\" alt=\"icon_widget_image\" \/><\/span><span class=\"mkdf-icon-text \" style=\"font-size: 16px;\">Str. Petru Maior nr. 4, Turda jud Cluj<\/span><\/a>[\/vc_column_text][vc_column_text css=&#8221;.vc_custom_1612675543746{margin-top: -20px !important;}&#8221;]<a class=\"mkdf-icon-widget-holder mkdf-icon-has-hover\" style=\"margin: 0px 30px 16px 0px; color: #565969;\" href=\"mailto:office@ems-floor.com\" target=\"_blank\" rel=\"noopener\" data-hover-color=\"#ff5e14\"><span class=\"mkdf-icon-element mkdf-custom-image\"><img decoding=\"async\" src=\"\/wp-content\/uploads\/2021\/02\/001-arroba.svg\" alt=\"icon_widget_image\" \/><\/span><span class=\"mkdf-icon-text \" style=\"font-size: 16px;\">office@ems-floor.com<\/span><\/a>[\/vc_column_text][vc_column_text css=&#8221;.vc_custom_1612690629325{margin-top: -20px !important;}&#8221;]<a class=\"mkdf-icon-widget-holder mkdf-icon-has-hover\" style=\"margin: 0px 30px 16px 0px; color: #565969;\" href=\"tel:+40364730119\" target=\"_blank\" rel=\"noopener\" data-hover-color=\"#ff5e14\"><span class=\"mkdf-icon-element mkdf-custom-image\"><img decoding=\"async\" src=\"\/wp-content\/uploads\/2021\/02\/002-phone-call.svg\" alt=\"icon_widget_image\" \/><\/span><span class=\"mkdf-icon-text \" style=\"font-size: 16px;\">+40 364 730 119<br \/>\n<\/span><\/a>[\/vc_column_text][vc_empty_space height=&#8221;15px&#8221;][vc_separator][vc_empty_space height=&#8221;15px&#8221;][vc_column_text]Ionu\u021b TOMA, Director V\u00e2nz\u0103ri, Rom\u00e2nia Sud[\/vc_column_text][vc_empty_space height=&#8221;15px&#8221;][vc_column_text css=&#8221;.vc_custom_1629275112213{margin-top: -20px !important;}&#8221;]<a class=\"mkdf-icon-widget-holder mkdf-icon-has-hover\" style=\"margin: 0px 30px 16px 0px; color: #565969;\" href=\"tel:+40734336633\" target=\"_blank\" rel=\"noopener\" data-hover-color=\"#ff5e14\"><span class=\"mkdf-icon-element mkdf-custom-image\"><img decoding=\"async\" src=\"\/wp-content\/uploads\/2021\/02\/002-phone-call.svg\" alt=\"icon_widget_image\" \/><\/span><span class=\"mkdf-icon-text \" style=\"font-size: 16px;\">+40 734 336 633<\/span><\/a>[\/vc_column_text][vc_column_text css=&#8221;.vc_custom_1629275130903{margin-top: -20px !important;}&#8221;]<a class=\"mkdf-icon-widget-holder mkdf-icon-has-hover\" style=\"margin: 0px 30px 16px 0px; color: #565969;\" href=\"mailto:ionut.toma@ems-floor.com\" target=\"_blank\" rel=\"noopener\" data-hover-color=\"#ff5e14\"><span class=\"mkdf-icon-element mkdf-custom-image\"><img decoding=\"async\" src=\"\/wp-content\/uploads\/2021\/02\/001-arroba.svg\" alt=\"icon_widget_image\" \/><\/span><span class=\"mkdf-icon-text \" style=\"font-size: 16px;\">ionut.toma@ems-floor.com<\/span><\/a>[\/vc_column_text][vc_empty_space height=&#8221;15px&#8221;][\/vc_column_inner][vc_column_inner width=&#8221;1\/2&#8243;][vc_column_text]<strong>DIVIZIA FLOOR &#8211; PARDOSELI SINTETICE<\/strong>[\/vc_column_text][vc_column_text]<\/p>\n<p>Ionu\u021b GHERMAN, Sales Manager<\/p>\n<p>[\/vc_column_text][vc_empty_space height=&#8221;15px&#8221;][vc_column_text css=&#8221;.vc_custom_1643198091185{margin-top: -20px !important;}&#8221;]<a class=\"mkdf-icon-widget-holder mkdf-icon-has-hover\" style=\"margin: 0px 30px 16px 0px; color: #565969;\" href=\"tel:+40758027907\" target=\"_blank\" rel=\"noopener\" data-hover-color=\"#ff5e14\"><span class=\"mkdf-icon-element mkdf-custom-image\"><img decoding=\"async\" src=\"\/wp-content\/uploads\/2021\/02\/002-phone-call.svg\" alt=\"icon_widget_image\" \/><\/span><span class=\"mkdf-icon-text \" style=\"font-size: 16px;\">+40 758 027 907<\/span><\/a>[\/vc_column_text][vc_column_text css=&#8221;.vc_custom_1643198109407{margin-top: -20px !important;}&#8221;]<a class=\"mkdf-icon-widget-holder mkdf-icon-has-hover\" style=\"margin: 0px 30px 16px 0px; color: #565969;\" href=\"mailto:ionut.gherman@ems-floor.com\" target=\"_blank\" rel=\"noopener\" data-hover-color=\"#ff5e14\"><span class=\"mkdf-icon-element mkdf-custom-image\"><img decoding=\"async\" src=\"\/wp-content\/uploads\/2021\/02\/001-arroba.svg\" alt=\"icon_widget_image\" \/><\/span><span class=\"mkdf-icon-text \" style=\"font-size: 16px;\">ionut.gherman@ems-floor.com<\/span><\/a>[\/vc_column_text][vc_empty_space height=&#8221;15px&#8221;][vc_separator][vc_empty_space height=&#8221;15px&#8221;][vc_column_text]<strong>DIVIZIA HYDRO &#8211; HIDROIZOLA\u021aII<\/strong>[\/vc_column_text][vc_column_text]Claudiu Mosincat, V\u00e2nz\u0103ri Rom\u00e2nia[\/vc_column_text][vc_empty_space height=&#8221;15px&#8221;][vc_column_text css=&#8221;.vc_custom_1636963512947{margin-top: -20px !important;}&#8221;]<a class=\"mkdf-icon-widget-holder mkdf-icon-has-hover\" style=\"margin: 0px 30px 16px 0px; color: #565969;\" href=\"tel:+40723172205\" target=\"_blank\" rel=\"noopener\" data-hover-color=\"#ff5e14\"><span class=\"mkdf-icon-element mkdf-custom-image\"><img decoding=\"async\" src=\"\/wp-content\/uploads\/2021\/02\/002-phone-call.svg\" alt=\"icon_widget_image\" \/><\/span><span class=\"mkdf-icon-text \" style=\"font-size: 16px;\">+40 723 172 205<\/span><\/a>[\/vc_column_text][vc_column_text css=&#8221;.vc_custom_1636963659245{margin-top: -20px !important;}&#8221;]<a class=\"mkdf-icon-widget-holder mkdf-icon-has-hover\" style=\"margin: 0px 30px 16px 0px; color: #565969;\" href=\"mailto:claudiu.mosincat@ems-floor.com\" target=\"_blank\" rel=\"noopener\" data-hover-color=\"#ff5e14\"><span class=\"mkdf-icon-element mkdf-custom-image\"><img decoding=\"async\" src=\"\/wp-content\/uploads\/2021\/02\/001-arroba.svg\" alt=\"icon_widget_image\" \/><\/span><span class=\"mkdf-icon-text \" style=\"font-size: 16px;\">claudiu.mosincat@ems-floor.com<\/span><\/a>[\/vc_column_text][vc_empty_space height=&#8221;14px&#8221;][\/vc_column_inner][\/vc_row_inner][vc_row_inner][vc_column_inner width=&#8221;1\/2&#8243;][vc_empty_space height=&#8221;100px&#8221;][vc_column_text]<\/p>\n<h3>Belgia<\/h3>\n<p>[\/vc_column_text][vc_empty_space height=&#8221;14px&#8221;][vc_column_text]<a class=\"mkdf-icon-widget-holder mkdf-icon-has-hover\" style=\"margin: 0px 30px 16px 0px; color: #565969;\" href=\"https:\/\/www.google.com\/maps\/place\/Rue+Arthur+Maes+82,+1130+Bruxelles,+Belgia\/data=!4m2!3m1!1s0x47c3dcd7af762df5:0xad6cd397ac44ffbd?sa=X&amp;ved=2ahUKEwizvYyrxpHsAhVKtIsKHcGsBN8Q8gEwAHoECAsQAQ\" target=\"_blank\" rel=\"noopener\" data-hover-color=\"#ff5e14\"><span class=\"mkdf-icon-element mkdf-custom-image\"><img decoding=\"async\" src=\"\/wp-content\/uploads\/2021\/02\/003-placeholder.svg\" alt=\"icon_widget_image\" \/><\/span><span class=\"mkdf-icon-text \" style=\"font-size: 16px;\">82 Arthur Maes Street 1130 Brussels, Belgium<\/span><\/a>[\/vc_column_text][vc_column_text css=&#8221;.vc_custom_1614315707228{margin-top: -20px !important;}&#8221;]<a class=\"mkdf-icon-widget-holder mkdf-icon-has-hover\" style=\"margin: 0px 30px 16px 0px; color: #565969;\" href=\"tel:+3222079500\" target=\"_blank\" rel=\"noopener\" data-hover-color=\"#ff5e14\"><span class=\"mkdf-icon-element mkdf-custom-image\"><img decoding=\"async\" src=\"\/wp-content\/uploads\/2021\/02\/002-phone-call.svg\" alt=\"icon_widget_image\" \/><\/span><span class=\"mkdf-icon-text \" style=\"font-size: 16px;\">+32 2 207 95 00<\/span><\/a>[\/vc_column_text][vc_column_text css=&#8221;.vc_custom_1612676900016{margin-top: -20px !important;}&#8221;]<a class=\"mkdf-icon-widget-holder mkdf-icon-has-hover\" style=\"margin: 0px 30px 16px 0px; color: #565969;\" href=\"mailto:office@ems-floor.be\" target=\"_blank\" rel=\"noopener\" data-hover-color=\"#ff5e14\"><span class=\"mkdf-icon-element mkdf-custom-image\"><img decoding=\"async\" src=\"\/wp-content\/uploads\/2021\/02\/001-arroba.svg\" alt=\"icon_widget_image\" \/><\/span><span class=\"mkdf-icon-text \" style=\"font-size: 16px;\">office@ems-floor.be<\/span><\/a>[\/vc_column_text][vc_separator][vc_empty_space height=&#8221;14px&#8221;][\/vc_column_inner][vc_column_inner width=&#8221;1\/2&#8243;][vc_empty_space height=&#8221;100px&#8221;][vc_column_text]<\/p>\n<h3>Luxemburg<\/h3>\n<p>[\/vc_column_text][vc_empty_space height=&#8221;14px&#8221;][vc_column_text]<a class=\"mkdf-icon-widget-holder mkdf-icon-has-hover\" style=\"margin: 0px 30px 16px 0px; color: #565969;\" href=\"https:\/\/www.google.com\/maps\/place\/W22,+22+Rue+de+l'Industrie,+8399+Windhof,+Luxemburg\/@49.6491065,5.9610498,17z\/data=!3m1!4b1!4m5!3m4!1s0x47eab33ca0870c4b:0xf7879ad529d9243b!8m2!3d49.6491065!4d5.9632385\" target=\"_blank\" rel=\"noopener\" data-hover-color=\"#ff5e14\"><span class=\"mkdf-icon-element mkdf-custom-image\"><img decoding=\"async\" src=\"\/wp-content\/uploads\/2021\/02\/003-placeholder.svg\" alt=\"icon_widget_image\" \/><\/span><span class=\"mkdf-icon-text \" style=\"font-size: 16px;\">22, Rue de l\u2019industrie, L-8399 Windhof (Koerich), Luxemburg<\/span><\/a>[\/vc_column_text][vc_column_text css=&#8221;.vc_custom_1614315722414{margin-top: -20px !important;}&#8221;]<a class=\"mkdf-icon-widget-holder mkdf-icon-has-hover\" style=\"margin: 0px 30px 16px 0px; color: #565969;\" href=\"tel:+3522866061\" target=\"_blank\" rel=\"noopener\" data-hover-color=\"#ff5e14\"><span class=\"mkdf-icon-element mkdf-custom-image\"><img decoding=\"async\" src=\"\/wp-content\/uploads\/2021\/02\/002-phone-call.svg\" alt=\"icon_widget_image\" \/><\/span><span class=\"mkdf-icon-text \" style=\"font-size: 16px;\">+352 28 66 06 1<\/span><\/a>[\/vc_column_text][vc_column_text css=&#8221;.vc_custom_1612690416277{margin-top: -20px !important;}&#8221;]<a class=\"mkdf-icon-widget-holder mkdf-icon-has-hover\" style=\"margin: 0px 30px 16px 0px; color: #565969;\" href=\"mailto:office@ems-floor.lu\" target=\"_blank\" rel=\"noopener\" data-hover-color=\"#ff5e14\"><span class=\"mkdf-icon-element mkdf-custom-image\"><img decoding=\"async\" src=\"\/wp-content\/uploads\/2021\/02\/001-arroba.svg\" alt=\"icon_widget_image\" \/><\/span><span class=\"mkdf-icon-text \" style=\"font-size: 16px;\">office@ems-floor.lu<\/span><\/a>[\/vc_column_text][vc_separator][vc_empty_space height=&#8221;14px&#8221;][\/vc_column_inner][\/vc_row_inner][vc_empty_space height=&#8221;100px&#8221;][\/vc_column][\/vc_row]<\/p>\n<\/div>","protected":false},"excerpt":{"rendered":"<p>[vc_row row_btt_skin=&#8221;light&#8221; row_background_text_position=&#8221;front&#8221;][vc_column][vc_empty_space height=&#8221;100px&#8221;][vc_column_text] Contact form [\/vc_column_text][vc_empty_space height=&#8221;14px&#8221;][vc_column_text][\/vc_column_text][\/vc_column][\/vc_row][vc_row row_btt_skin=&#8221;light&#8221; row_background_text_position=&#8221;front&#8221;][vc_column][vc_row_inner][vc_column_inner][vc_empty_space height=&#8221;100px&#8221;][vc_column_text] Rom\u00e2nia [\/vc_column_text][vc_empty_space height=&#8221;14px&#8221;][\/vc_column_inner][\/vc_row_inner][vc_row_inner][vc_column_inner width=&#8221;1\/2&#8243;][vc_column_text]EMS FHP SYSTEMS S.R.L.[\/vc_column_text][vc_column_text]Str. Petru Maior nr. 4, Turda jud Cluj[\/vc_column_text][vc_column_text css=&#8221;.vc_custom_1612675543746{margin-top: -20px !important;}&#8221;]office@ems-floor.com[\/vc_column_text][vc_column_text css=&#8221;.vc_custom_1612690629325{margin-top: -20px !important;}&#8221;]+40 364 730 119 [\/vc_column_text][vc_empty_space height=&#8221;15px&#8221;][vc_separator][vc_empty_space height=&#8221;15px&#8221;][vc_column_text]Ionu\u021b TOMA, Director V\u00e2nz\u0103ri, [&hellip;]<\/p>\n","protected":false},"author":2,"featured_media":0,"parent":0,"menu_order":0,"comment_status":"closed","ping_status":"closed","template":"","meta":{"inline_featured_image":false,"_monsterinsights_skip_tracking":false,"_monsterinsights_sitenote_active":false,"_monsterinsights_sitenote_note":"","_monsterinsights_sitenote_category":0,"footnotes":""},"class_list":["post-8442","page","type-page","status-publish","hentry"],"_links":{"self":[{"href":"https:\/\/emsfloorgroup.ro\/en\/wp-json\/wp\/v2\/pages\/8442","targetHints":{"allow":["GET"]}}],"collection":[{"href":"https:\/\/emsfloorgroup.ro\/en\/wp-json\/wp\/v2\/pages"}],"about":[{"href":"https:\/\/emsfloorgroup.ro\/en\/wp-json\/wp\/v2\/types\/page"}],"author":[{"embeddable":true,"href":"https:\/\/emsfloorgroup.ro\/en\/wp-json\/wp\/v2\/users\/2"}],"replies":[{"embeddable":true,"href":"https:\/\/emsfloorgroup.ro\/en\/wp-json\/wp\/v2\/comments?post=8442"}],"version-history":[{"count":5,"href":"https:\/\/emsfloorgroup.ro\/en\/wp-json\/wp\/v2\/pages\/8442\/revisions"}],"predecessor-version":[{"id":8642,"href":"https:\/\/emsfloorgroup.ro\/en\/wp-json\/wp\/v2\/pages\/8442\/revisions\/8642"}],"wp:attachment":[{"href":"https:\/\/emsfloorgroup.ro\/en\/wp-json\/wp\/v2\/media?parent=8442"}],"curies":[{"name":"wp","href":"https:\/\/api.w.org\/{rel}","templated":true}]}}